{"id":25,"date":"2026-04-21T14:10:43","date_gmt":"2026-04-21T12:10:43","guid":{"rendered":"http:\/\/emma.3sheds-cie.ch\/?page_id=25"},"modified":"2026-04-23T13:43:02","modified_gmt":"2026-04-23T11:43:02","slug":"competences","status":"publish","type":"page","link":"https:\/\/emma.3sheds-cie.ch\/index.php\/competences\/","title":{"rendered":"Comp\u00e9tences"},"content":{"rendered":"<div class=\"et_pb_section_0 et_pb_section et_section_regular et_flex_section\">\n<div class=\"et_pb_row_0 et_pb_row et_flex_row\">\n<div class=\"et_pb_column_0 et_pb_column et-last-child et_flex_column et_pb_css_mix_blend_mode_passthrough et_flex_column_24_24 et_flex_column_24_24_tablet et_flex_column_24_24_phone\">\n<div class=\"et_pb_text_0 et_pb_text et_pb_bg_layout_light et_pb_module et_flex_module\"><div class=\"et_pb_text_inner\"><p>Ma passion actuelle dans mon apprentissage<\/p>\n<p>est la photographie.<\/p>\n<p>Je trouve tr\u00e8s int\u00e9ressant ce que nous apprenons \u00e0 l\u2019\u00e9cole pour<\/p>\n<p>savoir comment bien utiliser un appareil photo ou savoir aussi comment fonctionne les <br \/>r\u00e9glages (balance des blancs, iso\u2026)<\/p>\n<p>&nbsp;<\/p>\n<\/div><\/div>\n\n<div class=\"et_pb_text_1 et_pb_text et_pb_bg_layout_light et_pb_module et_flex_module\"><div class=\"et_pb_text_inner\"><p>MES COMPETENCES<\/p>\n<\/div><\/div>\n<\/div>\n<\/div>\n<\/div>\n\n<div class=\"et_pb_section_1 et_pb_section et_section_regular et_flex_section\">\n<div class=\"et_pb_row_1 et_pb_row et_grid_row\">\n<div class=\"et_pb_column_1 et_pb_column et_flex_column et_pb_css_mix_blend_mode_passthrough\">\n<div class=\"et_pb_image_0 et_pb_image et_pb_module et_flex_module\"><span class=\"et_pb_image_wrap\"><img loading=\"lazy\" decoding=\"async\" src=\"http:\/\/emma.3sheds-cie.ch\/wp-content\/uploads\/2026\/04\/photo_rond_1-1.png\" title=\"photo_rond_1\" width=\"595\" height=\"842\" srcset=\"http:\/\/emma.3sheds-cie.ch\/wp-content\/uploads\/2026\/04\/photo_rond_1-1.png 595w, http:\/\/emma.3sheds-cie.ch\/wp-content\/uploads\/2026\/04\/photo_rond_1-1-480x679.png 480w\" sizes=\"(min-width: 0px) and (max-width: 480px) 480px, (min-width: 481px) 595px, 100vw\" class=\"wp-image-86\" \/><\/span><\/div>\n<\/div>\n\n<div class=\"et_pb_column_2 et_pb_column et_flex_column et_pb_css_mix_blend_mode_passthrough\">\n<div class=\"et_pb_image_1 et_pb_image et_pb_module et_flex_module\"><span class=\"et_pb_image_wrap\"><img loading=\"lazy\" decoding=\"async\" src=\"http:\/\/emma.3sheds-cie.ch\/wp-content\/uploads\/2026\/04\/pohoto.png\" title=\"pohoto\" width=\"595\" height=\"842\" srcset=\"http:\/\/emma.3sheds-cie.ch\/wp-content\/uploads\/2026\/04\/pohoto.png 595w, http:\/\/emma.3sheds-cie.ch\/wp-content\/uploads\/2026\/04\/pohoto-480x679.png 480w\" sizes=\"(min-width: 0px) and (max-width: 480px) 480px, (min-width: 481px) 595px, 100vw\" class=\"wp-image-81\" \/><\/span><\/div>\n<\/div>\n\n<div class=\"et_pb_column_3 et_pb_column et_flex_column et_pb_column_empty et_pb_css_mix_blend_mode_passthrough\"><\/div>\n\n<div class=\"et_pb_column_4 et_pb_column et-last-child et_flex_column et_pb_css_mix_blend_mode_passthrough\">\n<div class=\"et_pb_image_2 et_pb_image et_pb_module et_flex_module\"><span class=\"et_pb_image_wrap\"><img loading=\"lazy\" decoding=\"async\" src=\"http:\/\/emma.3sheds-cie.ch\/wp-content\/uploads\/2026\/04\/photo_rond_rouge_3.png\" title=\"photo_rond_rouge_3\" width=\"595\" height=\"842\" srcset=\"http:\/\/emma.3sheds-cie.ch\/wp-content\/uploads\/2026\/04\/photo_rond_rouge_3.png 595w, http:\/\/emma.3sheds-cie.ch\/wp-content\/uploads\/2026\/04\/photo_rond_rouge_3-480x679.png 480w\" sizes=\"(min-width: 0px) and (max-width: 480px) 480px, (min-width: 481px) 595px, 100vw\" class=\"wp-image-90\" \/><\/span><\/div>\n<\/div>\n<\/div>\n<\/div>","protected":false},"excerpt":{"rendered":"","protected":false},"author":1,"featured_media":0,"parent":0,"menu_order":0,"comment_status":"closed","ping_status":"closed","template":"","meta":{"footnotes":""},"class_list":["post-25","page","type-page","status-publish","hentry"],"_links":{"self":[{"href":"https:\/\/emma.3sheds-cie.ch\/index.php\/wp-json\/wp\/v2\/pages\/25","targetHints":{"allow":["GET"]}}],"collection":[{"href":"https:\/\/emma.3sheds-cie.ch\/index.php\/wp-json\/wp\/v2\/pages"}],"about":[{"href":"https:\/\/emma.3sheds-cie.ch\/index.php\/wp-json\/wp\/v2\/types\/page"}],"author":[{"embeddable":true,"href":"https:\/\/emma.3sheds-cie.ch\/index.php\/wp-json\/wp\/v2\/users\/1"}],"replies":[{"embeddable":true,"href":"https:\/\/emma.3sheds-cie.ch\/index.php\/wp-json\/wp\/v2\/comments?post=25"}],"version-history":[{"count":18,"href":"https:\/\/emma.3sheds-cie.ch\/index.php\/wp-json\/wp\/v2\/pages\/25\/revisions"}],"predecessor-version":[{"id":111,"href":"https:\/\/emma.3sheds-cie.ch\/index.php\/wp-json\/wp\/v2\/pages\/25\/revisions\/111"}],"wp:attachment":[{"href":"https:\/\/emma.3sheds-cie.ch\/index.php\/wp-json\/wp\/v2\/media?parent=25"}],"curies":[{"name":"wp","href":"https:\/\/api.w.org\/{rel}","templated":true}]}}